{"id":12,"date":"2019-08-23T11:40:09","date_gmt":"2019-08-23T11:40:09","guid":{"rendered":"https:\/\/centir.es\/?page_id=12"},"modified":"2020-03-16T11:24:54","modified_gmt":"2020-03-16T11:24:54","slug":"inicio","status":"publish","type":"page","link":"https:\/\/www.centir.es\/","title":{"rendered":"INICIO"},"content":{"rendered":"\n<div class=\"slider-wrapper relative\" id=\"slider-1112651972\" >\n    <div class=\"slider slider-nav-circle slider-nav-large slider-nav-light slider-style-normal slider-show-nav\"\n        data-flickity-options='{\n            \"cellAlign\": \"center\",\n            \"imagesLoaded\": true,\n            \"lazyLoad\": 1,\n            \"freeScroll\": false,\n            \"wrapAround\": true,\n            \"autoPlay\": 6000,\n            \"pauseAutoPlayOnHover\" : true,\n            \"prevNextButtons\": true,\n            \"contain\" : true,\n            \"adaptiveHeight\" : true,\n            \"dragThreshold\" : 10,\n            \"percentPosition\": true,\n            \"pageDots\": false,\n            \"rightToLeft\": false,\n            \"draggable\": false,\n            \"selectedAttraction\": 0.1,\n            \"parallax\" : 0,\n            \"friction\": 0.6        }'\n        >\n        \n\n\n  <div class=\"banner has-hover\" id=\"banner-1077098034\">\n          <div class=\"banner-inner fill\">\n        <div class=\"banner-bg fill\" >\n            <div class=\"bg fill bg-fill \"><\/div>\n                        <div class=\"overlay\"><\/div>            \n                    <\/div><!-- bg-layers -->\n        <div class=\"banner-layers container\">\n            <div class=\"fill banner-link\"><\/div>            \n\n   <div id=\"text-box-2095890842\" class=\"text-box banner-layer x95 md-x95 lg-x95 y80 md-y80 lg-y80 res-text\">\n                                <div class=\"text box-shadow-3 dark\">\n              \n              <div class=\"text-inner text-left\">\n                  \n\n<h4><span style=\"color: #db186d;\"><b>USAMOS LOS SENTIDOS PARA APRENDER<\/b><\/span><\/h4>\n<p><span style=\"color: #ffff00; font-size: 75%;\"><\/span><\/p>\n<a href=\"https:\/\/centir.es\/?page_id=73\" target=\"_self\" class=\"button white box-shadow-2 box-shadow-4-hover\"  style=\"border-radius:98px;\">\n    <span>ver<\/span>\n  <i class=\"icon-plus\" ><\/i><\/a>\n\n\n\n              <\/div>\n           <\/div><!-- text-box-inner -->\n                            \n<style scope=\"scope\">\n\n#text-box-2095890842 .text {\n  background-color: rgba(255, 255, 255, 0.66);\n  font-size: 100%;\n}\n#text-box-2095890842 .text-inner {\n  padding: 30px 30px 30px 30px;\n}\n#text-box-2095890842 {\n  width: 60%;\n}\n\n\n@media (min-width:550px) {\n\n  #text-box-2095890842 {\n    width: 54%;\n  }\n\n}\n<\/style>\n    <\/div><!-- text-box -->\n \n\n        <\/div><!-- .banner-layers -->\n      <\/div><!-- .banner-inner -->\n\n            \n<style scope=\"scope\">\n\n#banner-1077098034 {\n  padding-top: 637px;\n  background-color: rgb(255, 255, 255);\n}\n#banner-1077098034 .bg.bg-loaded {\n  background-image: url(https:\/\/www.centir.es\/wp-content\/uploads\/2019\/09\/header-slide1-1024x343.jpg);\n}\n#banner-1077098034 .overlay {\n  background-color: rgba(190, 190, 190, 0.2);\n}\n#banner-1077098034 .bg {\n  background-position: 12% 95%;\n}\n<\/style>\n  <\/div><!-- .banner -->\n\n\n\n  <div class=\"banner has-hover\" id=\"banner-1406579450\">\n          <div class=\"banner-inner fill\">\n        <div class=\"banner-bg fill\" >\n            <div class=\"bg fill bg-fill \"><\/div>\n                        <div class=\"overlay\"><\/div>            \n                    <\/div><!-- bg-layers -->\n        <div class=\"banner-layers container\">\n            <div class=\"fill banner-link\"><\/div>            \n\n   <div id=\"text-box-1888860467\" class=\"text-box banner-layer x90 md-x90 lg-x90 y85 md-y85 lg-y85 res-text\">\n                                <div class=\"text box-shadow-3 dark\">\n              \n              <div class=\"text-inner text-left\">\n                  \n\n<h4><span style=\"color: #db186d;\"><b>ATENCI\u00d3N A NI\u00d1OS Y NI\u00d1AS DE TODAS LAS CAPACIDADES<\/b><\/span><\/h4>\n<a href=\"https:\/\/centir.es\/?page_id=146\" target=\"_self\" class=\"button white box-shadow-2 box-shadow-3-hover\"  style=\"border-radius:99px;\">\n    <span>ver<\/span>\n  <i class=\"icon-plus\" ><\/i><\/a>\n\n\n\n              <\/div>\n           <\/div><!-- text-box-inner -->\n                            \n<style scope=\"scope\">\n\n#text-box-1888860467 .text {\n  background-color: rgba(255, 255, 255, 0.3);\n  font-size: 100%;\n}\n#text-box-1888860467 .text-inner {\n  padding: 30px 30px 30px 30px;\n}\n#text-box-1888860467 {\n  width: 60%;\n}\n\n\n@media (min-width:550px) {\n\n  #text-box-1888860467 {\n    width: 48%;\n  }\n\n}\n<\/style>\n    <\/div><!-- text-box -->\n \n\n        <\/div><!-- .banner-layers -->\n      <\/div><!-- .banner-inner -->\n\n            \n<style scope=\"scope\">\n\n#banner-1406579450 {\n  padding-top: 637px;\n  background-color: rgb(255, 255, 255);\n}\n#banner-1406579450 .bg.bg-loaded {\n  background-image: url(https:\/\/www.centir.es\/wp-content\/uploads\/2019\/09\/header-slide2-1024x343.jpg);\n}\n#banner-1406579450 .overlay {\n  background-color: rgba(190, 190, 190, 0.2);\n}\n#banner-1406579450 .bg {\n  background-position: 0% 42%;\n}\n<\/style>\n  <\/div><!-- .banner -->\n\n\n\n  <div class=\"banner has-hover\" id=\"banner-1602042844\">\n          <div class=\"banner-inner fill\">\n        <div class=\"banner-bg fill\" >\n            <div class=\"bg fill bg-fill \"><\/div>\n                        <div class=\"overlay\"><\/div>            \n                    <\/div><!-- bg-layers -->\n        <div class=\"banner-layers container\">\n            <div class=\"fill banner-link\"><\/div>            \n\n   <div id=\"text-box-1782628397\" class=\"text-box banner-layer x90 md-x90 lg-x90 y75 md-y75 lg-y75 res-text\">\n                                <div class=\"text box-shadow-3 dark\">\n              \n              <div class=\"text-inner text-left\">\n                  \n\n<h4><span style=\"color: #db186d;\"><b>DISFRUTAR APRENDIENDO JUNTOS<\/b><\/span><\/h4>\n<a href=\"https:\/\/centir.es\/?page_id=184\" target=\"_self\" class=\"button white box-shadow-2 box-shadow-4-hover\"  style=\"border-radius:99px;\">\n    <span>ver<\/span>\n  <i class=\"icon-plus\" ><\/i><\/a>\n\n\n\n              <\/div>\n           <\/div><!-- text-box-inner -->\n                            \n<style scope=\"scope\">\n\n#text-box-1782628397 .text {\n  background-color: rgba(255, 255, 255, 0);\n  font-size: 100%;\n}\n#text-box-1782628397 .text-inner {\n  padding: 30px 30px 30px 30px;\n}\n#text-box-1782628397 {\n  width: 60%;\n}\n\n\n@media (min-width:550px) {\n\n  #text-box-1782628397 {\n    width: 51%;\n  }\n\n}\n<\/style>\n    <\/div><!-- text-box -->\n \n\n        <\/div><!-- .banner-layers -->\n      <\/div><!-- .banner-inner -->\n\n            \n<style scope=\"scope\">\n\n#banner-1602042844 {\n  padding-top: 637px;\n  background-color: rgb(255, 255, 255);\n}\n#banner-1602042844 .bg.bg-loaded {\n  background-image: url(https:\/\/www.centir.es\/wp-content\/uploads\/2019\/09\/header-slide3-1024x343.jpg);\n}\n#banner-1602042844 .overlay {\n  background-color: rgba(190, 190, 190, 0.2);\n}\n#banner-1602042844 .bg {\n  background-position: 0% 42%;\n}\n<\/style>\n  <\/div><!-- .banner -->\n\n\n\n     <\/div>\n\n     <div class=\"loading-spin dark large centered\"><\/div>\n\n     <style scope=\"scope\">\n                    #slider-1112651972 .flickity-slider > *{ max-width: 100%!important;\n              <\/style>\n<\/div><!-- .ux-slider-wrapper -->\n\n\n<div class=\"row\"  id=\"row-72675670\">\n\n<div class=\"col medium-4 small-12 large-4 col-divided\"  ><div class=\"col-inner\"  >\n\n\t<div class=\"box has-hover   has-hover box-text-bottom\" >\n\n\t\t<div class=\"box-image\" style=\"width:18%;\">\n\t\t\t\t\t\t<div class=\"\" >\n\t\t\t\t<img width=\"60\" height=\"60\" src=\"https:\/\/www.centir.es\/wp-content\/uploads\/2019\/09\/body-icono-corazon.png\" class=\"attachment- size-\" alt=\"\" loading=\"lazy\" \/>\t\t\t\t\t\t\t\t\t\t\t<\/div>\n\t\t\t\t\t<\/div><!-- box-image -->\n\n\t\t<div class=\"box-text text-center\" >\n\t\t\t<div class=\"box-text-inner\">\n\t\t\t\t\n\n<h4 style=\"text-align: center;\"><strong><span style=\"color: #e31e30;\">&nbsp; &nbsp; &nbsp;<span style=\"color: #db186d;\"> &nbsp;<\/span><\/span><\/strong><\/h4>\n<h4 style=\"text-align: center;\"><strong><span style=\"color: #e31e30;\"><span style=\"color: #db186d;\"> &nbsp; EXPERIENCIA<\/span><\/span><\/strong><span style=\"color: #db186d;\"><em><strong>&nbsp; &nbsp; &nbsp; &nbsp;<\/strong> &nbsp; &nbsp; &nbsp;<\/em><\/span><\/h4>\n<p style=\"text-align: center;\">M\u00e1s de 20 a\u00f1os de experiencia en Terapia Ocupacional pedi\u00e1trica:<\/p>\n<p style=\"text-align: center;\">neuro-rehabilitaci\u00f3n, neuro-educaci\u00f3n, integraci\u00f3n sensorial,<\/p>\n<p style=\"text-align: center;\">apego, emoci\u00f3n y acompa\u00f1amiento familiar.<\/p>\n<p style=\"text-align: center;\"><strong>10 a\u00f1os de CENTIR en Reus.<\/strong><\/p>\n<p style=\"text-align: center;\">&nbsp;<\/p>\n\n\t\t\t<\/div><!-- box-text-inner -->\n\t\t<\/div><!-- box-text -->\n\t<\/div><!-- .box  -->\n\t\n\n<\/div><\/div>\n<div class=\"col medium-4 small-12 large-4 col-divided\"  ><div class=\"col-inner\"  >\n\n\t<div class=\"box has-hover   has-hover box-text-bottom\" >\n\n\t\t<div class=\"box-image\" style=\"width:18%;\">\n\t\t\t\t\t\t<div class=\"\" >\n\t\t\t\t<img width=\"60\" height=\"60\" src=\"https:\/\/www.centir.es\/wp-content\/uploads\/2019\/09\/body-icono-corazon.png\" class=\"attachment- size-\" alt=\"\" loading=\"lazy\" \/>\t\t\t\t\t\t\t\t\t\t\t<\/div>\n\t\t\t\t\t<\/div><!-- box-image -->\n\n\t\t<div class=\"box-text text-center\" >\n\t\t\t<div class=\"box-text-inner\">\n\t\t\t\t\n\n<p>&nbsp;<\/p>\n<h4 style=\"text-align: center;\"><strong><span style=\"color: #db186d;\">DEDICACI\u00d3N<\/span><\/strong><\/h4>\n<p style=\"text-align: center;\">Desde el coraz\u00f3n,<\/p>\n<p style=\"text-align: center;\">con atenci\u00f3n plena y<\/p>\n<p style=\"text-align: center;\">actualizaci\u00f3n constante.&nbsp;<\/p>\n<p style=\"text-align: center;\"><strong>Siempre dando el 100%<\/strong><\/p>\n\n\t\t\t<\/div><!-- box-text-inner -->\n\t\t<\/div><!-- box-text -->\n\t<\/div><!-- .box  -->\n\t\n\n<\/div><\/div>\n<div class=\"col medium-4 small-12 large-4\"  ><div class=\"col-inner\"  >\n\n\t<div class=\"box has-hover   has-hover box-text-bottom\" >\n\n\t\t<div class=\"box-image\" style=\"width:18%;\">\n\t\t\t\t\t\t<div class=\"\" >\n\t\t\t\t<img width=\"60\" height=\"60\" src=\"https:\/\/www.centir.es\/wp-content\/uploads\/2019\/09\/body-icono-corazon.png\" class=\"attachment- size-\" alt=\"\" loading=\"lazy\" \/>\t\t\t\t\t\t\t\t\t\t\t<\/div>\n\t\t\t\t\t<\/div><!-- box-image -->\n\n\t\t<div class=\"box-text text-center\" >\n\t\t\t<div class=\"box-text-inner\">\n\t\t\t\t\n\n<p>&nbsp;<\/p>\n<h4 style=\"text-align: center;\"><span style=\"color: #db186d;\"><strong>CONCIENCIA <\/strong><\/span><\/h4>\n<p style=\"text-align: center;\">Basamos nuestro hacer<\/p>\n<p style=\"text-align: center;\">en <strong>evidencia<\/strong> cient\u00edfica<\/p>\n<p style=\"text-align: center;\">contrastada.<\/p>\n<p style=\"text-align: center;\">&nbsp;<\/p>\n\n\t\t\t<\/div><!-- box-text-inner -->\n\t\t<\/div><!-- box-text -->\n\t<\/div><!-- .box  -->\n\t\n\n<\/div><\/div>\n\n<\/div>\n\t<section class=\"section\" id=\"section_2144462920\">\n\t\t<div class=\"bg section-bg fill bg-fill  bg-loaded\" >\n\n\t\t\t\n\t\t\t<div class=\"section-bg-overlay absolute fill\"><\/div>\n\t\t\t\n\n\t\t<\/div><!-- .section-bg -->\n\n\t\t<div class=\"section-content relative\">\n\t\t\t\n\n<div class=\"row row-large align-middle\"  id=\"row-791858496\">\n\n<div class=\"col medium-6 small-12 large-6\"  ><div class=\"col-inner\"  >\n\n\t<div class=\"img has-hover x md-x lg-x y md-y lg-y\" id=\"image_1404832607\">\n\t\t\t\t\t\t\t\t<div class=\"img-inner dark\" >\n\t\t\t<img width=\"372\" height=\"329\" src=\"https:\/\/www.centir.es\/wp-content\/uploads\/2019\/09\/body-foto-corazon.png\" class=\"attachment-large size-large\" alt=\"\" loading=\"lazy\" srcset=\"https:\/\/www.centir.es\/wp-content\/uploads\/2019\/09\/body-foto-corazon.png 372w, https:\/\/www.centir.es\/wp-content\/uploads\/2019\/09\/body-foto-corazon-300x265.png 300w\" sizes=\"(max-width: 372px) 100vw, 372px\" \/>\t\t\t\t\t\t\n\t\t\t\t\t<\/div>\n\t\t\t\t\t\t\t\t\n<style scope=\"scope\">\n\n#image_1404832607 {\n  width: 100%;\n}\n<\/style>\n\t<\/div>\n\t\n\n\n<\/div><\/div>\n<div class=\"col medium-6 small-12 large-6\"  ><div class=\"col-inner text-left\"  >\n\n<h4 style=\"text-align: center;\"><span style=\"color: #db186d;\"><strong>\u00bfSe pude aprender saltando, corriendo, jugando? <\/strong><\/span><\/h4>\n<h5 style=\"text-align: center;\"><span style=\"font-size: 80%;\">La respuesta es S\u00cd<\/span><\/h5>\n<h5 style=\"text-align: center;\"><span style=\"font-size: 80%;\">Se puede ser feliz mientras descubres:<\/span><\/h5>\n<h5 style=\"text-align: center;\"><span style=\"font-size: 80%;\">que dejarte elegir el material te brinda seguridad,<\/span><\/h5>\n<h5 style=\"text-align: center;\"><span style=\"font-size: 80%;\">que escribir&nbsp; en la pared&nbsp; se te da mucho mejor&nbsp; que en el papel,<\/span><\/h5>\n<h5 style=\"text-align: center;\"><span style=\"font-size: 80%;\">que subir por una rampa, un roc\u00f3dromo y saltar te ayudan a calmarte.<\/span><\/h5>\n<h5 style=\"text-align: center;\"><span style=\"font-size: 80%;\">que columpiarte, muy fuerte permite a tu cerebro registrar la informaci\u00f3n correcta.<\/span><\/h5>\n<h5 style=\"text-align: center;\"><span style=\"color: #db186d;\"><span style=\"font-size: 80%;\">Facilitar el camino para conseguir aquello que en un principio resultaba imposible.<\/span><\/span><\/h5>\n<h4 style=\"text-align: center;\"><span style=\"color: #282828;\"><strong>DISFRUTAR ES LA CLAVE<\/strong><\/span><\/h4>\n<h4 style=\"text-align: center;\"><span style=\"color: #db186d;\"><strong>\u00a1<\/strong><strong>salta, corre, r\u00ede y aprende!<\/strong><\/span><\/h4>\n\n<\/div><\/div>\n\n\n<style scope=\"scope\">\n\n<\/style>\n<\/div>\n\n\t\t<\/div><!-- .section-content -->\n\n\t\t\n<style scope=\"scope\">\n\n#section_2144462920 {\n  padding-top: 60px;\n  padding-bottom: 60px;\n  background-color: rgb(193, 193, 193);\n}\n#section_2144462920 .section-bg-overlay {\n  background-color: rgba(255, 255, 255, 0.85);\n}\n<\/style>\n\t<\/section>\n\t\n\t<section class=\"section dark\" id=\"section_701099606\">\n\t\t<div class=\"bg section-bg fill bg-fill  \" >\n\n\t\t\t\n\t\t\t\n\t\t\t\n\n\t\t<\/div><!-- .section-bg -->\n\n\t\t<div class=\"section-content relative\">\n\t\t\t\n\n<div class=\"row row-large align-middle\"  id=\"row-723573026\">\n\n<div class=\"col medium-6 small-12 large-6\"  ><div class=\"col-inner text-left\"  >\n\n<h2 style=\"text-align: center;\">MODELO HOL\u00cdSTICO<\/h2>\n<h3 style=\"text-align: center;\"><strong>Servicio global a la infancia y la familia.<\/strong><\/h3>\n<p style=\"text-align: center;\" align=\"center\"><strong>\u00abDime algo, y lo olvidar\u00e9.<\/strong><\/p>\n<p style=\"text-align: center;\" align=\"center\"><strong>Ens\u00e9\u00f1ame algo y lo recordar\u00e9.<\/strong><\/p>\n<p style=\"text-align: center;\" align=\"center\"><strong>Hazme part\u00edcipe del algo, y lo aprender\u00e9\u201d<\/strong><\/p>\n<p style=\"text-align: center;\" align=\"center\">&nbsp; &nbsp; &nbsp; &nbsp; &nbsp; &nbsp; &nbsp; &nbsp; &nbsp; &nbsp; &nbsp; &nbsp; &nbsp; &nbsp; &nbsp; &nbsp; &nbsp; &nbsp; &nbsp; &nbsp; &nbsp; &nbsp; &nbsp; &nbsp; &nbsp; &nbsp;Confucio<\/p>\n<a href=\"https:\/\/centir.es\/?page_id=146\" target=\"_self\" class=\"button white box-shadow-2 box-shadow-3-hover\"  style=\"border-radius:99px;\">\n    <span>ver<\/span>\n  <i class=\"icon-plus\" ><\/i><\/a>\n\n\n\n<\/div><\/div>\n<div class=\"col medium-6 small-12 large-6\"  ><div class=\"col-inner\"  >\n\n\t<div class=\"img has-hover x md-x lg-x y md-y lg-y\" id=\"image_623512272\">\n\t\t\t\t\t\t\t\t<div class=\"img-inner dark\" >\n\t\t\t<img width=\"505\" height=\"357\" src=\"https:\/\/www.centir.es\/wp-content\/uploads\/2019\/09\/body-foto-1.jpg\" class=\"attachment-large size-large\" alt=\"\" loading=\"lazy\" srcset=\"https:\/\/www.centir.es\/wp-content\/uploads\/2019\/09\/body-foto-1.jpg 505w, https:\/\/www.centir.es\/wp-content\/uploads\/2019\/09\/body-foto-1-300x212.jpg 300w\" sizes=\"(max-width: 505px) 100vw, 505px\" \/>\t\t\t\t\t\t\n\t\t\t\t\t<\/div>\n\t\t\t\t\t\t\t\t\n<style scope=\"scope\">\n\n#image_623512272 {\n  width: 100%;\n}\n<\/style>\n\t<\/div>\n\t\n\n\n<\/div><\/div>\n\n\n<style scope=\"scope\">\n\n<\/style>\n<\/div>\n\n\t\t<\/div><!-- .section-content -->\n\n\t\t\n<style scope=\"scope\">\n\n#section_701099606 {\n  padding-top: 60px;\n  padding-bottom: 60px;\n  background-color: rgb(193, 193, 193);\n}\n#section_701099606 .section-bg.bg-loaded {\n  background-image: url(https:\/\/www.centir.es\/wp-content\/uploads\/2019\/10\/body-fondo-azul-1.jpg);\n}\n#section_701099606 .section-bg {\n  background-position: 0% 0%;\n}\n<\/style>\n\t<\/section>\n\t\n<div class=\"row\"  id=\"row-1422854352\">\n\n<div class=\"col medium-4 small-12 large-4\"  ><div class=\"col-inner\"  >\n\n\t<div class=\"img has-hover x md-x lg-x y md-y lg-y\" id=\"image_1678452184\">\n\t\t\t\t\t\t\t\t<div class=\"img-inner dark\" >\n\t\t\t<img width=\"505\" height=\"357\" src=\"https:\/\/www.centir.es\/wp-content\/uploads\/2019\/09\/body-foto-2.jpg\" class=\"attachment-large size-large\" alt=\"\" loading=\"lazy\" srcset=\"https:\/\/www.centir.es\/wp-content\/uploads\/2019\/09\/body-foto-2.jpg 505w, https:\/\/www.centir.es\/wp-content\/uploads\/2019\/09\/body-foto-2-300x212.jpg 300w\" sizes=\"(max-width: 505px) 100vw, 505px\" \/>\t\t\t\t\t\t\n\t\t\t\t\t<\/div>\n\t\t\t\t\t\t\t\t\n<style scope=\"scope\">\n\n#image_1678452184 {\n  width: 100%;\n}\n<\/style>\n\t<\/div>\n\t\n\n<h4><strong><span style=\"color: #db186d;\">EVALUACI\u00d3N<\/span><\/strong><\/h4>\n<h5><strong>Descubrir fortalezas y debilidades.<\/strong><\/h5>\n<h5><strong>Analizar y medir el desarrollo.<\/strong><\/h5>\n<h5><strong>Convertir los resultados en logros.<\/strong><\/h5>\n<p>\u00a0<\/p>\n<a href=\"https:\/\/centir.es\/?page_id=146\" target=\"_self\" class=\"button white box-shadow-2 box-shadow-4-hover\"  style=\"border-radius:99px;\">\n    <span>VER<\/span>\n  <i class=\"icon-plus\" ><\/i><\/a>\n\n\n\n<\/div><\/div>\n<div class=\"col medium-4 small-12 large-4\"  ><div class=\"col-inner\"  >\n\n\t<div class=\"img has-hover x md-x lg-x y md-y lg-y\" id=\"image_1359377678\">\n\t\t\t\t\t\t\t\t<div class=\"img-inner dark\" >\n\t\t\t<img width=\"505\" height=\"357\" src=\"https:\/\/www.centir.es\/wp-content\/uploads\/2019\/09\/body-foto-4.jpg\" class=\"attachment-large size-large\" alt=\"\" loading=\"lazy\" srcset=\"https:\/\/www.centir.es\/wp-content\/uploads\/2019\/09\/body-foto-4.jpg 505w, https:\/\/www.centir.es\/wp-content\/uploads\/2019\/09\/body-foto-4-300x212.jpg 300w\" sizes=\"(max-width: 505px) 100vw, 505px\" \/>\t\t\t\t\t\t\n\t\t\t\t\t<\/div>\n\t\t\t\t\t\t\t\t\n<style scope=\"scope\">\n\n#image_1359377678 {\n  width: 100%;\n}\n<\/style>\n\t<\/div>\n\t\n\n<h4><strong><span style=\"color: #db186d;\">INTERVENCI\u00d3N<\/span><\/strong><\/h4>\n<h5><strong>Planificar: ordenar en peque\u00f1os pasos aquello que nos queda grande.\u00a0<\/strong><\/h5>\n<h5><strong>Ordenar: paso a paso, desde las fortalezas para potenciar las debilidades.<\/strong><\/h5>\n<h5><strong>Medir: analizar proceso y resultados, re-evaluar y justificar.<\/strong><\/h5>\n<p>\u00a0<\/p>\n<a href=\"https:\/\/centir.es\/?page_id=146\" target=\"_self\" class=\"button white box-shadow-2 box-shadow-4-hover\"  style=\"border-radius:99px;\">\n    <span>VER<\/span>\n  <i class=\"icon-plus\" ><\/i><\/a>\n\n\n\n<\/div><\/div>\n<div class=\"col medium-4 small-12 large-4\"  ><div class=\"col-inner\"  >\n\n\t<div class=\"img has-hover x md-x lg-x y md-y lg-y\" id=\"image_17392741\">\n\t\t\t\t\t\t\t\t<div class=\"img-inner dark\" >\n\t\t\t<img width=\"505\" height=\"357\" src=\"https:\/\/www.centir.es\/wp-content\/uploads\/2019\/09\/body-foto-3.jpg\" class=\"attachment-large size-large\" alt=\"\" loading=\"lazy\" srcset=\"https:\/\/www.centir.es\/wp-content\/uploads\/2019\/09\/body-foto-3.jpg 505w, https:\/\/www.centir.es\/wp-content\/uploads\/2019\/09\/body-foto-3-300x212.jpg 300w\" sizes=\"(max-width: 505px) 100vw, 505px\" \/>\t\t\t\t\t\t\n\t\t\t\t\t<\/div>\n\t\t\t\t\t\t\t\t\n<style scope=\"scope\">\n\n#image_17392741 {\n  width: 100%;\n}\n<\/style>\n\t<\/div>\n\t\n\n<h4><strong><span style=\"color: #db186d;\">ACOMPA\u00d1AMIENTO<\/span><\/strong><\/h4>\n<h5><span style=\"font-size: 100%;\">Cada infante y su familia son \u00fanicos. <\/span><\/h5>\n<h5><span style=\"font-size: 100%;\">Aceptar la realidad, tal cual es.<\/span><\/h5>\n<h5><span style=\"font-size: 100%;\">Descubrir intereses, motivaciones y anhelos. <\/span><\/h5>\n<h5><span style=\"font-size: 100%;\">Escuchar miedos, dudas y cuestionamientos. <\/span><\/h5>\n<h5><span style=\"font-size: 100%;\">Estar presente sin juzgar.<\/span><\/h5>\n<p>\u00a0<\/p>\n<a href=\"https:\/\/centir.es\/?page_id=146\" target=\"_self\" class=\"button white box-shadow-2 box-shadow-4-hover\"  style=\"border-radius:99px;\">\n    <span>VER<\/span>\n  <i class=\"icon-plus\" ><\/i><\/a>\n\n\n\n<\/div><\/div>\n\n<\/div>\n<ul class=\"sidebar-wrapper ul-reset\"><\/ul>\n\n\t<div class=\"img has-hover x md-x lg-x y md-y lg-y\" id=\"image_1625767954\">\n\t\t\t\t\t\t\t\t<div class=\"img-inner image-cover dark\" style=\"padding-top:15px;\">\n\t\t\t<img width=\"1020\" height=\"23\" src=\"https:\/\/www.centir.es\/wp-content\/uploads\/2019\/10\/body-fondo-amarillo-1-1024x23.png\" class=\"attachment-large size-large\" alt=\"\" loading=\"lazy\" srcset=\"https:\/\/www.centir.es\/wp-content\/uploads\/2019\/10\/body-fondo-amarillo-1-1024x23.png 1024w, https:\/\/www.centir.es\/wp-content\/uploads\/2019\/10\/body-fondo-amarillo-1-300x7.png 300w, https:\/\/www.centir.es\/wp-content\/uploads\/2019\/10\/body-fondo-amarillo-1-768x17.png 768w, https:\/\/www.centir.es\/wp-content\/uploads\/2019\/10\/body-fondo-amarillo-1.png 1104w\" sizes=\"(max-width: 1020px) 100vw, 1020px\" \/>\t\t\t\t\t\t\n\t\t\t\t\t<\/div>\n\t\t\t\t\t\t\t\t\n<style scope=\"scope\">\n\n#image_1625767954 {\n  width: 100%;\n}\n<\/style>\n\t<\/div>\n\t\n\n<div class=\"gap-element clearfix\" style=\"display:block; height:auto; padding-top:40px\"><\/div>\n\n\t<section class=\"section\" id=\"section_699480755\">\n\t\t<div class=\"bg section-bg fill bg-fill  bg-loaded\" >\n\n\t\t\t\n\t\t\t\n\t\t\t\n\n\t\t<\/div><!-- .section-bg -->\n\n\t\t<div class=\"section-content relative\">\n\t\t\t\n\n<h2 style=\"text-align: center;\"><span style=\"color: #db186d;\">RECURSOS<\/span><\/h2>\n<div class=\"row\"  id=\"row-642018260\">\n\n<div class=\"col medium-6 small-12 large-6 col-divided\"  ><div class=\"col-inner\" style=\"padding:40px 0px 0px 110px;\" >\n\n<h5 class=\"uppercase\" style=\"text-align: left;\"><span style=\"color: #db186d;\"><strong>TALLERES FORMATIVOS <\/strong><\/span><\/h5>\n<h5 class=\"uppercase\" style=\"text-align: left;\"><span style=\"color: #db186d;\"><strong>PARA PADRES Y PROFESIONALES<\/strong><\/span><\/h5>\n<p style=\"text-align: left;\"><span style=\"color: #000000;\"><b>\u00abCOMO EVOLUCIONA TU BEBE PASO A PASO\u00bb<\/b><\/span><\/p>\n<p>\u00abSentidos para aprender y neurociencia\u00bb<\/p>\n<p>\u00bb Autorregulaci\u00f3n y funciones ejecutivas\u00bb<\/p>\n<p>\u00a0<\/p>\n<a href=\"https:\/\/centir.es\/?page_id=184\" target=\"_self\" class=\"button white box-shadow-2 box-shadow-4-hover\"  style=\"border-radius:99px;\">\n    <span>VER<\/span>\n  <i class=\"icon-plus\" ><\/i><\/a>\n\n\n\n<\/div><\/div>\n<div class=\"col medium-5 small-12 large-5\"  ><div class=\"col-inner\" style=\"padding:40px 0px 0px 110px;\" >\n\n<h5 class=\"uppercase\" style=\"text-align: left;\"><span style=\"color: #db186d;\"><strong>formaci\u00f3n PROFESIONAL<\/strong><\/span><\/h5>\n<p style=\"text-align: left;\"><span style=\"color: #000000;\"><strong>Pr\u00e1cticas universitarias<\/strong><\/span><span style=\"color: #000000;\"><br \/><\/span><\/p>\n<ul>\n<li>EUIT- UAB: Grado de Terapia Ocupacional<\/li>\n<li>U-VIC: Grado de Terapia Ocupacional<\/li>\n<li>M-H Miguel Hernandez: Grado de Terapia Ocupaciona<\/li>\n<\/ul>\n<a href=\"https:\/\/centir.es\/?page_id=184\" target=\"_self\" class=\"button white box-shadow-2 box-shadow-4-hover\"  style=\"border-radius:99px;\">\n    <span>VER<\/span>\n  <i class=\"icon-plus\" ><\/i><\/a>\n\n\n\n<\/div><\/div>\n\n<\/div>\n\n\t\t<\/div><!-- .section-content -->\n\n\t\t\n<style scope=\"scope\">\n\n#section_699480755 {\n  padding-top: 30px;\n  padding-bottom: 30px;\n}\n<\/style>\n\t<\/section>\n\t\n<div class=\"gap-element clearfix\" style=\"display:block; height:auto; padding-top:40px\"><\/div>\n\n\t<div class=\"img has-hover x md-x lg-x y md-y lg-y\" id=\"image_1826033886\">\n\t\t\t\t\t\t\t\t<div class=\"img-inner image-cover dark\" style=\"padding-top:15px;\">\n\t\t\t<img width=\"1020\" height=\"23\" src=\"https:\/\/www.centir.es\/wp-content\/uploads\/2019\/10\/body-fondo-amarillo-1-1024x23.png\" class=\"attachment-large size-large\" alt=\"\" loading=\"lazy\" srcset=\"https:\/\/www.centir.es\/wp-content\/uploads\/2019\/10\/body-fondo-amarillo-1-1024x23.png 1024w, https:\/\/www.centir.es\/wp-content\/uploads\/2019\/10\/body-fondo-amarillo-1-300x7.png 300w, https:\/\/www.centir.es\/wp-content\/uploads\/2019\/10\/body-fondo-amarillo-1-768x17.png 768w, https:\/\/www.centir.es\/wp-content\/uploads\/2019\/10\/body-fondo-amarillo-1.png 1104w\" sizes=\"(max-width: 1020px) 100vw, 1020px\" \/>\t\t\t\t\t\t\n\t\t\t\t\t<\/div>\n\t\t\t\t\t\t\t\t\n<style scope=\"scope\">\n\n#image_1826033886 {\n  width: 100%;\n}\n<\/style>\n\t<\/div>\n\t\n\n\n","protected":false},"excerpt":{"rendered":"","protected":false},"author":1,"featured_media":0,"parent":0,"menu_order":0,"comment_status":"closed","ping_status":"closed","template":"page-blank.php","meta":[],"_links":{"self":[{"href":"https:\/\/www.centir.es\/index.php?rest_route=\/wp\/v2\/pages\/12"}],"collection":[{"href":"https:\/\/www.centir.es\/index.php?rest_route=\/wp\/v2\/pages"}],"about":[{"href":"https:\/\/www.centir.es\/index.php?rest_route=\/wp\/v2\/types\/page"}],"author":[{"embeddable":true,"href":"https:\/\/www.centir.es\/index.php?rest_route=\/wp\/v2\/users\/1"}],"replies":[{"embeddable":true,"href":"https:\/\/www.centir.es\/index.php?rest_route=%2Fwp%2Fv2%2Fcomments&post=12"}],"version-history":[{"count":88,"href":"https:\/\/www.centir.es\/index.php?rest_route=\/wp\/v2\/pages\/12\/revisions"}],"predecessor-version":[{"id":485,"href":"https:\/\/www.centir.es\/index.php?rest_route=\/wp\/v2\/pages\/12\/revisions\/485"}],"wp:attachment":[{"href":"https:\/\/www.centir.es\/index.php?rest_route=%2Fwp%2Fv2%2Fmedia&parent=12"}],"curies":[{"name":"wp","href":"https:\/\/api.w.org\/{rel}","templated":true}]}}