{"id":146,"date":"2019-10-24T10:16:59","date_gmt":"2019-10-24T10:16:59","guid":{"rendered":"https:\/\/centir.es\/?page_id=146"},"modified":"2020-03-08T15:30:48","modified_gmt":"2020-03-08T15:30:48","slug":"assesoramiento","status":"publish","type":"page","link":"https:\/\/www.centir.es\/?page_id=146","title":{"rendered":"Servicios &#8212; Asesoramiento"},"content":{"rendered":"\n\t<section class=\"section\" id=\"section_2044773102\">\n\t\t<div class=\"bg section-bg fill bg-fill  \" >\n\n\t\t\t\n\t\t\t\n\t\t\t\n\n\t\t<\/div><!-- .section-bg -->\n\n\t\t<div class=\"section-content relative\">\n\t\t\t\n\n<h3 class=\"thin-font\" style=\"text-align: center;\"><span style=\"color: #f5fafa; font-size: 140%;\">SERVICIOS<\/span><\/h3>\n<h3 style=\"text-align: center;\"><span style=\"color: #cbbc54;\"><strong><span style=\"font-size: 85%;\">ATENCI\u00d3N GLOBAL A LA INFANCIA Y LA FAMILIA<\/span><\/strong><\/span><\/h3>\n\n\t\t<\/div><!-- .section-content -->\n\n\t\t\n<style scope=\"scope\">\n\n#section_2044773102 {\n  padding-top: 30px;\n  padding-bottom: 30px;\n  min-height: 450px;\n}\n#section_2044773102 .section-bg.bg-loaded {\n  background-image: url(https:\/\/www.centir.es\/wp-content\/uploads\/2019\/10\/informacion-slider.jpg);\n}\n#section_2044773102 .section-bg {\n  background-position: 32% 13%;\n}\n<\/style>\n\t<\/section>\n\t\n\t<section class=\"section\" id=\"section_754902517\">\n\t\t<div class=\"bg section-bg fill bg-fill  bg-loaded\" >\n\n\t\t\t\n\t\t\t<div class=\"section-bg-overlay absolute fill\"><\/div>\n\t\t\t\n\n\t\t<\/div><!-- .section-bg -->\n\n\t\t<div class=\"section-content relative\">\n\t\t\t\n\n<div class=\"row row-large\"  id=\"row-127003808\">\n\n<div class=\"col medium-4 small-12 large-4\"  ><div class=\"col-inner\"  >\n\n\t<div class=\"img has-hover x md-x lg-x y md-y lg-y\" id=\"image_119999960\">\n\t\t\t\t\t\t\t\t<div class=\"img-inner dark\" style=\"margin:0px -px 0px 0px;\">\n\t\t\t<img width=\"468\" height=\"468\" src=\"https:\/\/www.centir.es\/wp-content\/uploads\/2019\/10\/informacion-circulo-2.jpg\" class=\"attachment-large size-large\" alt=\"\" loading=\"lazy\" srcset=\"https:\/\/www.centir.es\/wp-content\/uploads\/2019\/10\/informacion-circulo-2.jpg 468w, https:\/\/www.centir.es\/wp-content\/uploads\/2019\/10\/informacion-circulo-2-150x150.jpg 150w, https:\/\/www.centir.es\/wp-content\/uploads\/2019\/10\/informacion-circulo-2-300x300.jpg 300w\" sizes=\"(max-width: 468px) 100vw, 468px\" \/>\t\t\t\t\t\t\n\t\t\t\t\t<\/div>\n\t\t\t\t\t\t\t\t\n<style scope=\"scope\">\n\n#image_119999960 {\n  width: 100%;\n}\n<\/style>\n\t<\/div>\n\t\n\n\n<\/div><\/div>\n<div class=\"col medium-8 small-12 large-8\"  ><div class=\"col-inner text-left\"  >\n\n<h2><span style=\"color: #db186d; font-size: 85%;\">EVALUACI\u00d3N<\/span><\/h2>\n<p><span style=\"color: #db186d;\"><strong>El terapeuta ocupacional mide el desarrollo de las habilidades motoras, de procesamiento sensorial, de auto-cuidado, de regulaci\u00f3n emocional, de interacci\u00f3n y relaci\u00f3n. Con los resultados desarrolla estrategias que promuevan la m\u00e1xima participaci\u00f3n diaria.\u00a0<\/strong><\/span><\/p>\n<p>La evaluaci\u00f3n es un <strong>complejo proceso<\/strong> de <strong>observaci\u00f3n del desempe\u00f1o<\/strong>. C\u00f3mo el infante se sienta, camina o lanza una pelota y en \u00e9sta ultima acci\u00f3n: cuanta fuerza requiere para alzar la pelota y la velocidad que debe ejercer para el lanzamiento, si es a otra persona o a una canasta colgada en lo alto.\u00a0El terapeuta mide su ejecuci\u00f3n en relaci\u00f3n a lo esperado en las <strong>habilidades motoras gruesas<\/strong> para su edad y desarrollo.<\/p>\n<p>Para<strong> valorar las habilidades<\/strong> de <strong>motricidad fina<\/strong> el terapeuta centra su atenci\u00f3n en tareas como escribir, cortar con tijeras, uso de utensilios para comer cuchara, tenedor, cuchillo, observa la coordinaci\u00f3n que realizan sus dedos para sostener el cubierto o la fuerza ejerce en sujetarlo, tambi\u00e9n observa las habilidades que posee en atar sus cordones o subir la cremallera de la chaqueta.<\/p>\n<p>El terapeuta ocupacional analiza las <strong>habilidades de procesamiento senso-perceptivo<\/strong><strong>,<\/strong> cuanto tiempo es capaz de mantenerse sentado y atender instrucciones (alerta), se distrae f\u00e1cilmente con los ruidos del ambiente (atenci\u00f3n) o tiene dificultad para cambiar de estilo de ropa (discriminaci\u00f3n t\u00e1ctil). Realiza un examen exhaustivo de las respuestas que el infante da ante los est\u00edmulos auditivos, visuales, gustativos, olfativos y hay tres sistemas a los que presta mayor importancia vestibular, propioceptivo y t\u00e1ctil por su relevancia para el correcto funcionamiento del sistema nervioso central y de su desarrollo.\u00a0<\/p>\n<p>El abordaje Hol\u00edstico ofrece al terapeuta ocupacional diversos <strong>enfoques y t\u00e9cnicas<\/strong> que cuentan con sus propias evaluaciones y medidas del desarrollo, evoluci\u00f3n y crecimiento del infante. Utiliza el <strong>razonamiento cl\u00ednico<\/strong> para contrastar los resultados obtenidos y los datos solicitados a la familia, datos observados en sala por el terapeuta y los datos esperados para la edad cronol\u00f3gica o corregida. Realiza un<strong> estudio<\/strong> para determinar los apoyos o estrategias m\u00e1s apropiados.\u00a0<\/p>\n<p>\u00a0<\/p>\n\n<\/div><\/div>\n\n\n<style scope=\"scope\">\n\n<\/style>\n<\/div>\n\n\t\t<\/div><!-- .section-content -->\n\n\t\t\n<style scope=\"scope\">\n\n#section_754902517 {\n  padding-top: 60px;\n  padding-bottom: 60px;\n}\n#section_754902517 .section-bg-overlay {\n  background-color: rgba(255, 255, 255, 0.85);\n}\n<\/style>\n\t<\/section>\n\t\n\t<div class=\"img has-hover x md-x lg-x y md-y lg-y\" id=\"image_860476190\">\n\t\t\t\t\t\t\t\t<div class=\"img-inner image-cover dark\" style=\"padding-top:15px;\">\n\t\t\t<img width=\"1020\" height=\"23\" src=\"https:\/\/www.centir.es\/wp-content\/uploads\/2019\/10\/body-fondo-amarillo-1-1024x23.png\" class=\"attachment-large size-large\" alt=\"\" loading=\"lazy\" srcset=\"https:\/\/www.centir.es\/wp-content\/uploads\/2019\/10\/body-fondo-amarillo-1-1024x23.png 1024w, https:\/\/www.centir.es\/wp-content\/uploads\/2019\/10\/body-fondo-amarillo-1-300x7.png 300w, https:\/\/www.centir.es\/wp-content\/uploads\/2019\/10\/body-fondo-amarillo-1-768x17.png 768w, https:\/\/www.centir.es\/wp-content\/uploads\/2019\/10\/body-fondo-amarillo-1.png 1104w\" sizes=\"(max-width: 1020px) 100vw, 1020px\" \/>\t\t\t\t\t\t\n\t\t\t\t\t<\/div>\n\t\t\t\t\t\t\t\t\n<style scope=\"scope\">\n\n#image_860476190 {\n  width: 100%;\n}\n<\/style>\n\t<\/div>\n\t\n\n\t<section class=\"section\" id=\"section_428235776\">\n\t\t<div class=\"bg section-bg fill bg-fill  bg-loaded\" >\n\n\t\t\t\n\t\t\t<div class=\"section-bg-overlay absolute fill\"><\/div>\n\t\t\t\n\n\t\t<\/div><!-- .section-bg -->\n\n\t\t<div class=\"section-content relative\">\n\t\t\t\n\n<div class=\"row row-large\"  id=\"row-711558626\">\n\n<div class=\"col medium-4 small-12 large-4\"  ><div class=\"col-inner\"  >\n\n\t<div class=\"img has-hover x md-x lg-x y md-y lg-y\" id=\"image_1931051924\">\n\t\t\t\t\t\t\t\t<div class=\"img-inner dark\" >\n\t\t\t<img width=\"468\" height=\"468\" src=\"https:\/\/www.centir.es\/wp-content\/uploads\/2019\/10\/evaluaciones-circulo.jpg\" class=\"attachment-large size-large\" alt=\"\" loading=\"lazy\" srcset=\"https:\/\/www.centir.es\/wp-content\/uploads\/2019\/10\/evaluaciones-circulo.jpg 468w, https:\/\/www.centir.es\/wp-content\/uploads\/2019\/10\/evaluaciones-circulo-150x150.jpg 150w, https:\/\/www.centir.es\/wp-content\/uploads\/2019\/10\/evaluaciones-circulo-300x300.jpg 300w\" sizes=\"(max-width: 468px) 100vw, 468px\" \/>\t\t\t\t\t\t\n\t\t\t\t\t<\/div>\n\t\t\t\t\t\t\t\t\n<style scope=\"scope\">\n\n#image_1931051924 {\n  width: 100%;\n}\n<\/style>\n\t<\/div>\n\t\n\n\n<\/div><\/div>\n<div class=\"col medium-8 small-12 large-8\"  ><div class=\"col-inner text-left\"  >\n\n<h2><span style=\"color: #db186d;\">INTERVENCI\u00d3N<\/span><\/h2>\n<p><span style=\"color: #db186d;\"><strong>Cada infante y cada familia son \u00fanicos e irrepetibles, nuestro modelo Hol\u00edstico se adapta a la din\u00e1mica familiar y entorno real. <\/strong><\/span><\/p>\n<p>Promovemos aprendizajes basados en el esfuerzo personal del infante, guiado por el <strong>Terapeuta Ocupacional<\/strong> quien parte del refuerzo positivo y la resiliencia (capacidad de adaptaci\u00f3n) para ajustar las demandas y retos acordes a las potencialidades y desaf\u00edos actuales del infante.<\/p>\n<p>Cada <strong>reto<\/strong>, se acompa\u00f1a de un<strong> logro<\/strong>, la <strong>motivaci\u00f3n intr\u00ednseca<\/strong> es el motor del \u00e9xito del infante, creada a partir de la <strong>alianza terap\u00e9utica<\/strong> y un entorno especialmente dise\u00f1ado. Las tareas, actividades o juegos est\u00e1n planificadas y creadas respetando la individualidad del infante, ritmo de aprendizaje, preferencias, tiempo de atenci\u00f3n, tolerancia al esfuerzo\u2026<\/p>\n<p>Se <strong>programa<\/strong> la intervenci\u00f3n\/abordaje, desde una perspectiva Hol\u00edstica, los objetivos, metas y logros se ajustan a las <strong>inquietudes<\/strong> de los padres y <strong>necesidades actuales<\/strong> del infante, contemplando los resultados de las evaluaciones, criterios pedag\u00f3gicos, terap\u00e9uticos y socio-emocionales que promuevan la m\u00e1xima <strong>autonom\u00eda y bienestar individual y familiar<\/strong>.<\/p>\n\n<\/div><\/div>\n\n\n<style scope=\"scope\">\n\n<\/style>\n<\/div>\n\t<div class=\"img has-hover x md-x lg-x y md-y lg-y\" id=\"image_1074826743\">\n\t\t\t\t\t\t\t\t<div class=\"img-inner image-cover dark\" style=\"padding-top:15px;\">\n\t\t\t<img width=\"1020\" height=\"23\" src=\"https:\/\/www.centir.es\/wp-content\/uploads\/2019\/10\/body-fondo-amarillo-1-1024x23.png\" class=\"attachment-large size-large\" alt=\"\" loading=\"lazy\" srcset=\"https:\/\/www.centir.es\/wp-content\/uploads\/2019\/10\/body-fondo-amarillo-1-1024x23.png 1024w, https:\/\/www.centir.es\/wp-content\/uploads\/2019\/10\/body-fondo-amarillo-1-300x7.png 300w, https:\/\/www.centir.es\/wp-content\/uploads\/2019\/10\/body-fondo-amarillo-1-768x17.png 768w, https:\/\/www.centir.es\/wp-content\/uploads\/2019\/10\/body-fondo-amarillo-1.png 1104w\" sizes=\"(max-width: 1020px) 100vw, 1020px\" \/>\t\t\t\t\t\t\n\t\t\t\t\t<\/div>\n\t\t\t\t\t\t\t\t\n<style scope=\"scope\">\n\n#image_1074826743 {\n  width: 100%;\n}\n<\/style>\n\t<\/div>\n\t\n\n\n\t\t<\/div><!-- .section-content -->\n\n\t\t\n<style scope=\"scope\">\n\n#section_428235776 {\n  padding-top: 60px;\n  padding-bottom: 60px;\n}\n#section_428235776 .section-bg-overlay {\n  background-color: rgba(255, 255, 255, 0.85);\n}\n<\/style>\n\t<\/section>\n\t\n\t<section class=\"section\" id=\"section_1119944962\">\n\t\t<div class=\"bg section-bg fill bg-fill  bg-loaded\" >\n\n\t\t\t\n\t\t\t<div class=\"section-bg-overlay absolute fill\"><\/div>\n\t\t\t\n\n\t\t<\/div><!-- .section-bg -->\n\n\t\t<div class=\"section-content relative\">\n\t\t\t\n\n<div class=\"row row-large\"  id=\"row-1662972383\">\n\n<div class=\"col medium-4 small-12 large-4\"  ><div class=\"col-inner\"  >\n\n\t<div class=\"img has-hover x md-x lg-x y md-y lg-y\" id=\"image_1430499858\">\n\t\t\t\t\t\t\t\t<div class=\"img-inner dark\" >\n\t\t\t<img width=\"468\" height=\"468\" src=\"https:\/\/www.centir.es\/wp-content\/uploads\/2019\/10\/asesoramiento-circulo.jpg\" class=\"attachment-large size-large\" alt=\"\" loading=\"lazy\" srcset=\"https:\/\/www.centir.es\/wp-content\/uploads\/2019\/10\/asesoramiento-circulo.jpg 468w, https:\/\/www.centir.es\/wp-content\/uploads\/2019\/10\/asesoramiento-circulo-150x150.jpg 150w, https:\/\/www.centir.es\/wp-content\/uploads\/2019\/10\/asesoramiento-circulo-300x300.jpg 300w\" sizes=\"(max-width: 468px) 100vw, 468px\" \/>\t\t\t\t\t\t\n\t\t\t\t\t<\/div>\n\t\t\t\t\t\t\t\t\n<style scope=\"scope\">\n\n#image_1430499858 {\n  width: 100%;\n}\n<\/style>\n\t<\/div>\n\t\n\n\n<\/div><\/div>\n<div class=\"col medium-8 small-12 large-8\"  ><div class=\"col-inner text-left\"  >\n\n<h2><span style=\"color: #db186d;\">COORDINACI\u00d3N<\/span><\/h2>\n<p><span style=\"color: #db186d;\"><strong>Conocer el desempe\u00f1o del infante en los diferentes entornos y ambientes naturales en los que se desarrolla, posibilita su potencial para el cambio.\u00a0<\/strong><\/span><\/p>\n<ul>\n<li>Colegios p\u00fablicos, privados y concertados.\u00a0<\/li>\n<li>Servicios p\u00fablicos (CDIAP, EAP, IES, CSMIJ, EAIA)<\/li>\n<li>Centros privados\n<ul>\n<li>Centro de re-educaci\u00f3n<\/li>\n<li>Logopedas<\/li>\n<li>Fisioterapeutas<\/li>\n<li>Psic\u00f3logos<\/li>\n<li>Neur\u00f3logo<\/li>\n<li>Pediatra<\/li>\n<li>Otros<\/li>\n<\/ul>\n<\/li>\n<\/ul>\n<p>Un <strong>trabajo global<\/strong> requiere la participaci\u00f3n de los agentes implicados, para alcanzar cambios sustanciales en el desarrollo del infante resulta beneficioso <strong>conocer<\/strong> que ocurre en otros <strong>\u00e1mbitos y espacios de convivencia<\/strong>. Por ello visitamos la escuela, si es posible el aula, el patio y los espacios comunes, ofrecemos <strong>estrategias y recursos<\/strong> a los docentes, profesionales psico-pedag\u00f3gicos a la vez que <strong>apuntamos las necesidades<\/strong> que son prioritarias a trabajar y pueden llevarse a cabo en CENTIR.\u00a0<\/p>\n\n<\/div><\/div>\n\n\n<style scope=\"scope\">\n\n<\/style>\n<\/div>\n\n\t\t<\/div><!-- .section-content -->\n\n\t\t\n<style scope=\"scope\">\n\n#section_1119944962 {\n  padding-top: 60px;\n  padding-bottom: 60px;\n}\n#section_1119944962 .section-bg-overlay {\n  background-color: rgba(255, 255, 255, 0.85);\n}\n<\/style>\n\t<\/section>\n\t\n\t<div class=\"img has-hover x md-x lg-x y md-y lg-y\" id=\"image_749605553\">\n\t\t\t\t\t\t\t\t<div class=\"img-inner image-cover dark\" style=\"padding-top:15px;\">\n\t\t\t<img width=\"1020\" height=\"23\" src=\"https:\/\/www.centir.es\/wp-content\/uploads\/2019\/10\/body-fondo-amarillo-1-1024x23.png\" class=\"attachment-large size-large\" alt=\"\" loading=\"lazy\" srcset=\"https:\/\/www.centir.es\/wp-content\/uploads\/2019\/10\/body-fondo-amarillo-1-1024x23.png 1024w, https:\/\/www.centir.es\/wp-content\/uploads\/2019\/10\/body-fondo-amarillo-1-300x7.png 300w, https:\/\/www.centir.es\/wp-content\/uploads\/2019\/10\/body-fondo-amarillo-1-768x17.png 768w, https:\/\/www.centir.es\/wp-content\/uploads\/2019\/10\/body-fondo-amarillo-1.png 1104w\" sizes=\"(max-width: 1020px) 100vw, 1020px\" \/>\t\t\t\t\t\t\n\t\t\t\t\t<\/div>\n\t\t\t\t\t\t\t\t\n<style scope=\"scope\">\n\n#image_749605553 {\n  width: 100%;\n}\n<\/style>\n\t<\/div>\n\t\n\n\t<section class=\"section\" id=\"section_677445588\">\n\t\t<div class=\"bg section-bg fill bg-fill  bg-loaded\" >\n\n\t\t\t\n\t\t\t<div class=\"section-bg-overlay absolute fill\"><\/div>\n\t\t\t\n\n\t\t<\/div><!-- .section-bg -->\n\n\t\t<div class=\"section-content relative\">\n\t\t\t\n\n<div class=\"row row-large\"  id=\"row-357340694\">\n\n<div class=\"col medium-4 small-12 large-4\"  ><div class=\"col-inner\"  >\n\n\t<div class=\"img has-hover x md-x lg-x y md-y lg-y\" id=\"image_2086932770\">\n\t\t\t\t\t\t\t\t<div class=\"img-inner dark\" >\n\t\t\t<img width=\"468\" height=\"468\" src=\"https:\/\/www.centir.es\/wp-content\/uploads\/2019\/10\/formacion-circulo-2.jpg\" class=\"attachment-large size-large\" alt=\"\" loading=\"lazy\" srcset=\"https:\/\/www.centir.es\/wp-content\/uploads\/2019\/10\/formacion-circulo-2.jpg 468w, https:\/\/www.centir.es\/wp-content\/uploads\/2019\/10\/formacion-circulo-2-150x150.jpg 150w, https:\/\/www.centir.es\/wp-content\/uploads\/2019\/10\/formacion-circulo-2-300x300.jpg 300w\" sizes=\"(max-width: 468px) 100vw, 468px\" \/>\t\t\t\t\t\t\n\t\t\t\t\t<\/div>\n\t\t\t\t\t\t\t\t\n<style scope=\"scope\">\n\n#image_2086932770 {\n  width: 100%;\n}\n<\/style>\n\t<\/div>\n\t\n\n\n<\/div><\/div>\n<div class=\"col medium-8 small-12 large-8\"  ><div class=\"col-inner text-left\"  >\n\n<h3><span style=\"color: #db186d;\">ACOMPA\u00d1AMIENTO<\/span><\/h3>\n<p><span style=\"color: #db186d;\"><strong>Cada infante y su familia son \u00fanicos<\/strong>.<\/span> Con herramientas estandarizadas, basadas en la evidencia cient\u00edfica actual damos respuesta a las inquietudes que los padres, profesores o profesionales que conocen al infante, ofreciendo una perspectiva diferente.\u00a0<\/p>\n<p><span style=\"color: #db186d;\"><strong>Aceptar la realidad, tal cual es. <\/strong><\/span>El equilibrio del n\u00facleo familiar como punto de partida para sugerir apoyos, estrategias o cambios. Orientar y guiar cuando sea necesario.<br \/><span style=\"color: #db186d;\"><strong>Descubrir intereses, motivaciones y anhelos<\/strong>.<\/span> Unir esfuerzos para descubrir las verdaderas posibilidades que nos aportan las circunstancias actuales.\u00a0<\/p>\n<p><span style=\"color: #ed1c24;\"><span style=\"color: #db186d;\"><strong>Escuchar miedos, dudas y cuestionamientos<\/strong><\/span>.<\/span> Los padres conocen al infante mejor que nadie, sus preocupaciones tienen fundamento, sentir sus vivencias les permite sacar los miedos y resolver dudas.\u00a0<\/p>\n<p><span style=\"color: #db186d;\"><strong>Aportar experiencias positivas.<\/strong> <\/span>Que permitan comprender, aceptar y continuar con los procesos del desarrollo y crecimiento del infante.\u00a0<\/p>\n<p><span style=\"color: #db186d;\"><strong>Estar presente sin juzgar<\/strong>.<\/span> Percibir las fortalezas y debilidades de los padres y transformarlas en potencialidades para acompa\u00f1ar al infante en su desarrollo.\u00a0<\/p>\n<p>\u00a0<\/p>\n\n<\/div><\/div>\n\n\n<style scope=\"scope\">\n\n<\/style>\n<\/div>\n\n\t\t<\/div><!-- .section-content -->\n\n\t\t\n<style scope=\"scope\">\n\n#section_677445588 {\n  padding-top: 60px;\n  padding-bottom: 60px;\n}\n#section_677445588 .section-bg-overlay {\n  background-color: rgba(255, 255, 255, 0.85);\n}\n<\/style>\n\t<\/section>\n\t\n\t<div class=\"img has-hover x md-x lg-x y md-y lg-y\" id=\"image_599235221\">\n\t\t\t\t\t\t\t\t<div class=\"img-inner image-cover dark\" style=\"padding-top:15px;\">\n\t\t\t<img width=\"1020\" height=\"23\" src=\"https:\/\/www.centir.es\/wp-content\/uploads\/2019\/10\/body-fondo-amarillo-1-1024x23.png\" class=\"attachment-large size-large\" alt=\"\" loading=\"lazy\" srcset=\"https:\/\/www.centir.es\/wp-content\/uploads\/2019\/10\/body-fondo-amarillo-1-1024x23.png 1024w, https:\/\/www.centir.es\/wp-content\/uploads\/2019\/10\/body-fondo-amarillo-1-300x7.png 300w, https:\/\/www.centir.es\/wp-content\/uploads\/2019\/10\/body-fondo-amarillo-1-768x17.png 768w, https:\/\/www.centir.es\/wp-content\/uploads\/2019\/10\/body-fondo-amarillo-1.png 1104w\" sizes=\"(max-width: 1020px) 100vw, 1020px\" \/>\t\t\t\t\t\t\n\t\t\t\t\t<\/div>\n\t\t\t\t\t\t\t\t\n<style scope=\"scope\">\n\n#image_599235221 {\n  width: 100%;\n}\n<\/style>\n\t<\/div>\n\t\n\n\t<section class=\"section\" id=\"section_13998194\">\n\t\t<div class=\"bg section-bg fill bg-fill  bg-loaded\" >\n\n\t\t\t\n\t\t\t<div class=\"section-bg-overlay absolute fill\"><\/div>\n\t\t\t\n\n\t\t<\/div><!-- .section-bg -->\n\n\t\t<div class=\"section-content relative\">\n\t\t\t\n\n<div class=\"row row-large\"  id=\"row-766363744\">\n\n<div class=\"col medium-4 small-12 large-4\"  ><div class=\"col-inner\"  >\n\n\t<div class=\"img has-hover x md-x lg-x y md-y lg-y\" id=\"image_359891809\">\n\t\t\t\t\t\t\t\t<div class=\"img-inner dark\" >\n\t\t\t<img width=\"468\" height=\"468\" src=\"https:\/\/www.centir.es\/wp-content\/uploads\/2019\/10\/programa-intervencion-circulo.jpg\" class=\"attachment-large size-large\" alt=\"\" loading=\"lazy\" srcset=\"https:\/\/www.centir.es\/wp-content\/uploads\/2019\/10\/programa-intervencion-circulo.jpg 468w, https:\/\/www.centir.es\/wp-content\/uploads\/2019\/10\/programa-intervencion-circulo-150x150.jpg 150w, https:\/\/www.centir.es\/wp-content\/uploads\/2019\/10\/programa-intervencion-circulo-300x300.jpg 300w\" sizes=\"(max-width: 468px) 100vw, 468px\" \/>\t\t\t\t\t\t\n\t\t\t\t\t<\/div>\n\t\t\t\t\t\t\t\t\n<style scope=\"scope\">\n\n#image_359891809 {\n  width: 100%;\n}\n<\/style>\n\t<\/div>\n\t\n\n\n<\/div><\/div>\n<div class=\"col medium-8 small-12 large-8\"  ><div class=\"col-inner text-left\"  >\n\n<h2><span style=\"color: #db186d;\">PROGRAMAS DE INTERVENCI\u00d3N<\/span><\/h2>\n<p><span style=\"color: #db186d;\"><span style=\"font-size: 110%;\">Planificar: ordenar en pasos peque\u00f1os aquello que nos queda grande.<\/span><\/span><\/p>\n<ul>\n<li><span style=\"color: #db186d;\"><em>\u00a0\u201cyo puedo solo\u2026\u201d<\/em><\/span>\n<ul>\n<li style=\"list-style-type: none;\">\n<ul>\n<li><span style=\"color: #000000;\">Programa de autonom\u00eda personal y de la vida diaria<\/span><\/li>\n<\/ul>\n<\/li>\n<li><span style=\"color: #000000;\">Orden<\/span><\/li>\n<li><span style=\"color: #000000;\">Planificaci\u00f3n<\/span><\/li>\n<li><span style=\"color: #000000;\">Secuenciaci\u00f3n<\/span><\/li>\n<\/ul>\n<\/li>\n<li><span style=\"color: #db186d;\"><em>\u00a0\u201cManos a la obra\u201d<\/em><\/span>\n<ul>\n<li style=\"list-style-type: none;\">\n<ul>\n<li><span style=\"color: #000000;\">Programa de aprendizaje significativo<\/span><\/li>\n<\/ul>\n<\/li>\n<li><span style=\"color: #000000;\">Handwriting<\/span><\/li>\n<li><span style=\"color: #000000;\">Motricidad fina<\/span><\/li>\n<li><span style=\"color: #000000;\">Lectoescritura<\/span><\/li>\n<li><span style=\"color: #000000;\">Atenci\u00f3n<\/span><\/li>\n<li><span style=\"color: #000000;\">Funciones ejecutivas<\/span><\/li>\n<li><span style=\"color: #000000;\">Comprensi\u00f3n<\/span><\/li>\n<\/ul>\n<\/li>\n<li><span style=\"color: #db186d;\"><em>\u00a0\u201cInspira, respira y expresa\u201d<\/em><\/span>\n<ul>\n<li style=\"list-style-type: none;\">\n<ul>\n<li><span style=\"color: #000000;\">Programa habilidades sociales y emocionales<\/span><\/li>\n<\/ul>\n<\/li>\n<li><span style=\"color: #000000;\">Comunicaci\u00f3n e interacci\u00f3n (asertividad)<\/span><\/li>\n<li><span style=\"color: #000000;\">Resoluci\u00f3n de problemas (ajustar las demandas al entorno)<\/span><\/li>\n<li><span style=\"color: #000000;\">Identificar y expresar emociones propias y ajenas (empatizar)<\/span><\/li>\n<li><span style=\"color: #000000;\">Asumir roles, entrenar la espera, respetar al pr\u00f3jimo.<\/span><\/li>\n<li><span style=\"color: #000000;\">Relajaci\u00f3n y autocontrol.<\/span><\/li>\n<\/ul>\n<\/li>\n<li><span style=\"color: #db186d;\"><em>Paso a paso!<\/em><\/span>\n<ul>\n<li style=\"list-style-type: none;\">\n<ul>\n<li>Intervenci\u00f3n individual, exploraci\u00f3n y uso del material.\u00a0\u00a0<\/li>\n<\/ul>\n<\/li>\n<li><span style=\"color: #000000;\">Autorregulaci\u00f3n<\/span><\/li>\n<li><span style=\"color: #000000;\">Estrategias para comprender las sensaciones<\/span><\/li>\n<li><span style=\"color: #000000;\">Organizaci\u00f3n procesamiento sensorial<\/span><\/li>\n<li><span style=\"color: #000000;\">Aprender a utilizar los sentidos (visual, t\u00e1ctil, gustativo, olfativo, auditivo, interoceptivo, propioceptivo y vestibular)<\/span><\/li>\n<li><span style=\"color: #000000;\">Equilibrio y coordinaci\u00f3n motora (praxis y planeamiento motor)<\/span><\/li>\n<li><span style=\"color: #000000;\">Flexibilidad y adaptaci\u00f3n a cambios de rutinas y referentes<\/span><\/li>\n<\/ul>\n<\/li>\n<li><span style=\"color: #db186d;\"><em>\u00abMaster&#8217;s Chef\u00bb<\/em><\/span>\n<ul>\n<li style=\"list-style-type: none;\">\n<ul>\n<li>Intervenci\u00f3n especifica en problemas de alimentaci\u00f3n.\u00a0<\/li>\n<\/ul>\n<\/li>\n<li><span style=\"color: #000000;\">Comer o alimentarse?<\/span><\/li>\n<li><span style=\"color: #000000;\">Puedo jugar con la comida?<\/span><\/li>\n<li><span style=\"color: #000000;\">Come antes y solo! O Todos a la mesa!<\/span><\/li>\n<li><span style=\"color: #000000;\">\u00a1Fuera trozos, nada verde y solo papillas!<\/span><\/li>\n<\/ul>\n<\/li>\n<\/ul>\n<p>\u00a0<\/p>\n\n<\/div><\/div>\n\n\n<style scope=\"scope\">\n\n<\/style>\n<\/div>\n\n\t\t<\/div><!-- .section-content -->\n\n\t\t\n<style scope=\"scope\">\n\n#section_13998194 {\n  padding-top: 60px;\n  padding-bottom: 60px;\n}\n#section_13998194 .section-bg-overlay {\n  background-color: rgba(255, 255, 255, 0.85);\n}\n<\/style>\n\t<\/section>\n\t\n\t<div class=\"img has-hover x md-x lg-x y md-y lg-y\" id=\"image_99379992\">\n\t\t\t\t\t\t\t\t<div class=\"img-inner image-cover dark\" style=\"padding-top:15px;\">\n\t\t\t<img width=\"1020\" height=\"23\" src=\"https:\/\/www.centir.es\/wp-content\/uploads\/2019\/10\/body-fondo-amarillo-1-1024x23.png\" class=\"attachment-large size-large\" alt=\"\" loading=\"lazy\" srcset=\"https:\/\/www.centir.es\/wp-content\/uploads\/2019\/10\/body-fondo-amarillo-1-1024x23.png 1024w, https:\/\/www.centir.es\/wp-content\/uploads\/2019\/10\/body-fondo-amarillo-1-300x7.png 300w, https:\/\/www.centir.es\/wp-content\/uploads\/2019\/10\/body-fondo-amarillo-1-768x17.png 768w, https:\/\/www.centir.es\/wp-content\/uploads\/2019\/10\/body-fondo-amarillo-1.png 1104w\" sizes=\"(max-width: 1020px) 100vw, 1020px\" \/>\t\t\t\t\t\t\n\t\t\t\t\t<\/div>\n\t\t\t\t\t\t\t\t\n<style scope=\"scope\">\n\n#image_99379992 {\n  width: 100%;\n}\n<\/style>\n\t<\/div>\n\t\n\n\n","protected":false},"excerpt":{"rendered":"","protected":false},"author":1,"featured_media":0,"parent":0,"menu_order":0,"comment_status":"closed","ping_status":"closed","template":"page-blank.php","meta":[],"_links":{"self":[{"href":"https:\/\/www.centir.es\/index.php?rest_route=\/wp\/v2\/pages\/146"}],"collection":[{"href":"https:\/\/www.centir.es\/index.php?rest_route=\/wp\/v2\/pages"}],"about":[{"href":"https:\/\/www.centir.es\/index.php?rest_route=\/wp\/v2\/types\/page"}],"author":[{"embeddable":true,"href":"https:\/\/www.centir.es\/index.php?rest_route=\/wp\/v2\/users\/1"}],"replies":[{"embeddable":true,"href":"https:\/\/www.centir.es\/index.php?rest_route=%2Fwp%2Fv2%2Fcomments&post=146"}],"version-history":[{"count":42,"href":"https:\/\/www.centir.es\/index.php?rest_route=\/wp\/v2\/pages\/146\/revisions"}],"predecessor-version":[{"id":477,"href":"https:\/\/www.centir.es\/index.php?rest_route=\/wp\/v2\/pages\/146\/revisions\/477"}],"wp:attachment":[{"href":"https:\/\/www.centir.es\/index.php?rest_route=%2Fwp%2Fv2%2Fmedia&parent=146"}],"curies":[{"name":"wp","href":"https:\/\/api.w.org\/{rel}","templated":true}]}}